{"id":2,"date":"2023-06-06T13:35:18","date_gmt":"2023-06-06T13:35:18","guid":{"rendered":"http:\/\/abrast.cz\/?page_id=2"},"modified":"2025-11-19T11:50:00","modified_gmt":"2025-11-19T11:50:00","slug":"o-nas","status":"publish","type":"page","link":"https:\/\/abrast.cz\/es\/o-nas\/","title":{"rendered":"Sobre nosotros"},"content":{"rendered":"<p>Le damos la bienvenida.<\/p>\n<p>Somos una peque\u00f1a empresa familiar especializada en la producci\u00f3n de diversos regalos y art\u00edculos promocionales. Nuestra andadura comenz\u00f3 en el invierno de <strong>2021<\/strong>, cuando en plena pandemia del Covid 19, decid\u00ed construir mi propia m\u00e1quina de grabado. Esta experiencia me ayud\u00f3 a descubrir la destreza manual y la atenci\u00f3n al detalle. Esta pr\u00e1ctica y el uso de tecnolog\u00eda de fabricaci\u00f3n propia me abrieron las puertas a nuevas posibilidades y me proporcionaron mucha inspiraci\u00f3n para seguir adelante.<\/p>\nngg_shortcode_0_placeholder\n<p style=\"text-align: center;\"><em>Primera m\u00e1quina construida, primeras pruebas y grabados.<\/em><\/p>\n<p>Junto con mi esposa, nos hemos centrado en la fabricaci\u00f3n de regalos de madera a medida. Cada pieza est\u00e1 hecha con esmero, con amor por el detalle y pensando ante todo en la satisfacci\u00f3n del cliente (cada producto es un original). Nuestros productos son una agradable sorpresa para todo aquel que los recibe. A medida que el inter\u00e9s ha ido creciendo, nos hemos dado cuenta de que existe una demanda de trabajos de calidad. Ese fue el momento en que nos atrevimos a asumir retos mayores.<\/p>\n<p>En <strong>2023<\/strong>, tras sopesar los pros y los contras, invertimos en una m\u00e1quina CNC MONOR de \u00faltima generaci\u00f3n, que nos ha ayudado notablemente y ha reducido el tiempo de producci\u00f3n de nuestras piezas prefabricadas de madera.<\/p>\n<p>ngg_shortcode_1_placeholderHoy en d\u00eda, estamos orgullosos de ser una empresa peque\u00f1a y familiar, capaz de satisfacer las necesidades de muchas empresas y tambi\u00e9n de muchos particulares. Si tiene una idea que desea poner en pr\u00e1ctica, estaremos encantados de dise\u00f1arla y luego fabricarla para usted. Ya ofrecemos una amplia gama de art\u00edculos de regalo y promocionales que pueden servir como un magn\u00edfico obsequio para empleados, socios comerciales, amigos o familiares. Cada producto se elabora cuidadosamente con materiales de calidad y puede personalizarse seg\u00fan sus necesidades.<\/p>\n<p>Nos esforzamos constantemente por mejorar, desarrollar e innovar. Nos gusta asumir nuevos retos, probar nuevos procesos, pinturas y colores. Trabajamos con pasi\u00f3n y entusiasmo para crear productos originales y \u00fanicos que aporten alegr\u00eda y aprecio. Porque eso es lo que nos impulsa: su satisfacci\u00f3n.<\/p>\n<p>Gracias por leer hasta aqu\u00ed. Estamos a su disposici\u00f3n y esperamos trabajar con usted.<\/p>\n","protected":false},"excerpt":{"rendered":"<p>Le damos la bienvenida. Somos una peque\u00f1a empresa familiar especializada en la producci\u00f3n de diversos regalos y art\u00edculos promocionales. Nuestra andadura comenz\u00f3 en el invierno de 2021, cuando en plena pandemia del Covid 19, decid\u00ed construir mi propia m\u00e1quina de grabado. Esta experiencia me ayud\u00f3 a descubrir la destreza manual y la atenci\u00f3n al detalle. &hellip; <\/p>\n","protected":false},"author":1,"featured_media":0,"parent":0,"menu_order":0,"comment_status":"closed","ping_status":"open","template":"","meta":{"ngg_post_thumbnail":0,"footnotes":""},"class_list":["post-2","page","type-page","status-publish","hentry"],"translation":{"provider":"WPGlobus","version":"3.0.0","language":"es","enabled_languages":["cs","es","gb"],"languages":{"cs":{"title":true,"content":true,"excerpt":false},"es":{"title":true,"content":true,"excerpt":false},"gb":{"title":true,"content":true,"excerpt":false}}},"_links":{"self":[{"href":"https:\/\/abrast.cz\/es\/wp-json\/wp\/v2\/pages\/2","targetHints":{"allow":["GET"]}}],"collection":[{"href":"https:\/\/abrast.cz\/es\/wp-json\/wp\/v2\/pages"}],"about":[{"href":"https:\/\/abrast.cz\/es\/wp-json\/wp\/v2\/types\/page"}],"author":[{"embeddable":true,"href":"https:\/\/abrast.cz\/es\/wp-json\/wp\/v2\/users\/1"}],"replies":[{"embeddable":true,"href":"https:\/\/abrast.cz\/es\/wp-json\/wp\/v2\/comments?post=2"}],"version-history":[{"count":16,"href":"https:\/\/abrast.cz\/es\/wp-json\/wp\/v2\/pages\/2\/revisions"}],"predecessor-version":[{"id":84,"href":"https:\/\/abrast.cz\/es\/wp-json\/wp\/v2\/pages\/2\/revisions\/84"}],"wp:attachment":[{"href":"https:\/\/abrast.cz\/es\/wp-json\/wp\/v2\/media?parent=2"}],"curies":[{"name":"wp","href":"https:\/\/api.w.org\/{rel}","templated":true}]}}